{"id":922,"date":"2024-06-23T18:13:04","date_gmt":"2024-06-23T16:13:04","guid":{"rendered":"https:\/\/desarrollo.jardineriaoscarh.com\/about-us\/"},"modified":"2025-08-04T16:54:14","modified_gmt":"2025-08-04T14:54:14","slug":"about-us","status":"publish","type":"page","link":"https:\/\/jardineriaoscarh.com\/en\/about-us\/","title":{"rendered":"About us"},"content":{"rendered":"\t\t<div data-elementor-type=\"wp-page\" data-elementor-id=\"922\" class=\"elementor elementor-922 elementor-218\" data-elementor-post-type=\"page\">\n\t\t\t\t<div class=\"elementor-element elementor-element-e612860 e-flex e-con-boxed e-con e-parent\" data-id=\"e612860\" data-element_type=\"container\" data-e-type=\"container\" data-settings=\"{&quot;background_background&quot;:&quot;classic&quot;}\">\n\t\t\t\t\t<div class=\"e-con-inner\">\n\t\t\t\t<div class=\"elementor-element elementor-element-ee9e98e elementor-widget elementor-widget-heading\" data-id=\"ee9e98e\" data-element_type=\"widget\" data-e-type=\"widget\" data-widget_type=\"heading.default\">\n\t\t\t\t<div class=\"elementor-widget-container\">\n\t\t\t\t\t<h1 class=\"elementor-heading-title elementor-size-default\">About Us<\/h1>\t\t\t\t<\/div>\n\t\t\t\t<\/div>\n\t\t\t\t<div class=\"elementor-element elementor-element-64ebf2e elementor-widget__width-initial elementor-widget elementor-widget-text-editor\" data-id=\"64ebf2e\" data-element_type=\"widget\" data-e-type=\"widget\" data-widget_type=\"text-editor.default\">\n\t\t\t\t<div class=\"elementor-widget-container\">\n\t\t\t\t\t\t\t\t\t<p>We are \u00d3scar Herrera Jardines y Paisajismo and we have the most beautiful job in the world: turning dreams into reality. A wonderful team of gardeners with a single goal, to make the garden you have always wanted a reality.<\/p>\n\t\t\t\t\t\t\t\t<\/div>\n\t\t\t\t<\/div>\n\t\t\t\t\t<\/div>\n\t\t\t\t<\/div>\n\t\t<div class=\"elementor-element elementor-element-ef4cb22 e-flex e-con-boxed e-con e-parent\" data-id=\"ef4cb22\" data-element_type=\"container\" data-e-type=\"container\">\n\t\t\t\t\t<div class=\"e-con-inner\">\n\t\t<div class=\"elementor-element elementor-element-65b26a9 e-con-full e-flex e-con e-child\" data-id=\"65b26a9\" data-element_type=\"container\" data-e-type=\"container\">\n\t\t\t\t<div class=\"elementor-element elementor-element-9a801aa elementor-widget elementor-widget-image\" data-id=\"9a801aa\" data-element_type=\"widget\" data-e-type=\"widget\" data-widget_type=\"image.default\">\n\t\t\t\t<div class=\"elementor-widget-container\">\n\t\t\t\t\t\t\t\t\t\t\t\t\t\t\t<img fetchpriority=\"high\" decoding=\"async\" width=\"600\" height=\"724\" src=\"https:\/\/jardineriaoscarh.com\/wp-content\/uploads\/2024\/06\/ohj_nosotros_oscar_dk.jpg\" class=\"attachment-large size-large wp-image-724\" alt=\"\" srcset=\"https:\/\/jardineriaoscarh.com\/wp-content\/uploads\/2024\/06\/ohj_nosotros_oscar_dk.jpg 600w, https:\/\/jardineriaoscarh.com\/wp-content\/uploads\/2024\/06\/ohj_nosotros_oscar_dk-249x300.jpg 249w\" sizes=\"(max-width: 600px) 100vw, 600px\" \/>\t\t\t\t\t\t\t\t\t\t\t\t\t\t\t<\/div>\n\t\t\t\t<\/div>\n\t\t<div class=\"elementor-element elementor-element-1eb155e e-con-full e-flex e-con e-child\" data-id=\"1eb155e\" data-element_type=\"container\" data-e-type=\"container\">\n\t\t<div class=\"elementor-element elementor-element-3cf0277 e-con-full e-flex e-con e-child\" data-id=\"3cf0277\" data-element_type=\"container\" data-e-type=\"container\">\n\t\t\t\t<div class=\"elementor-element elementor-element-2b553c4 elementor-widget elementor-widget-heading\" data-id=\"2b553c4\" data-element_type=\"widget\" data-e-type=\"widget\" data-widget_type=\"heading.default\">\n\t\t\t\t<div class=\"elementor-widget-container\">\n\t\t\t\t\t<p class=\"elementor-heading-title elementor-size-default\">WHO IS<\/p>\t\t\t\t<\/div>\n\t\t\t\t<\/div>\n\t\t\t\t<div class=\"elementor-element elementor-element-b8b2455 elementor-widget elementor-widget-heading\" data-id=\"b8b2455\" data-element_type=\"widget\" data-e-type=\"widget\" data-widget_type=\"heading.default\">\n\t\t\t\t<div class=\"elementor-widget-container\">\n\t\t\t\t\t<h2 class=\"elementor-heading-title elementor-size-default\">\u00d3SCAR HERRERA<\/h2>\t\t\t\t<\/div>\n\t\t\t\t<\/div>\n\t\t\t\t<\/div>\n\t\t\t\t<div class=\"elementor-element elementor-element-b613be4 elementor-widget elementor-widget-text-editor\" data-id=\"b613be4\" data-element_type=\"widget\" data-e-type=\"widget\" data-widget_type=\"text-editor.default\">\n\t\t\t\t<div class=\"elementor-widget-container\">\n\t\t\t\t\t\t\t\t\t<p>A gardener in love with his profession. That is \u00d3scar Herrera, there is no better way to define him. He has more than three decades of experience behind him. He learned gardening from his father, trained with great masters of gardening and created his own garden design and construction studio, \u00d3scar Herrera Jardines y Paisajismo.<\/p>\n<p>The team that accompanies him is a well-adjusted family, magnificent gardening professionals among whom customer orientation, companionship and good humour are paramount. Because you can&#8217;t turn dreams into reality without the perfect amalgamation of all these ingredients.<\/p>\n\t\t\t\t\t\t\t\t<\/div>\n\t\t\t\t<\/div>\n\t\t<div class=\"elementor-element elementor-element-5032cab e-con-full e-flex e-con e-child\" data-id=\"5032cab\" data-element_type=\"container\" data-e-type=\"container\">\n\t\t<div class=\"elementor-element elementor-element-988cae3 e-con-full stats e-flex e-con e-child\" data-id=\"988cae3\" data-element_type=\"container\" data-e-type=\"container\">\n\t\t\t\t<div class=\"elementor-element elementor-element-4624a01 elementor-widget elementor-widget-heading\" data-id=\"4624a01\" data-element_type=\"widget\" data-e-type=\"widget\" data-widget_type=\"heading.default\">\n\t\t\t\t<div class=\"elementor-widget-container\">\n\t\t\t\t\t<span class=\"elementor-heading-title elementor-size-default\"><em>+<\/em>30<\/span>\t\t\t\t<\/div>\n\t\t\t\t<\/div>\n\t\t\t\t<div class=\"elementor-element elementor-element-2de221e elementor-widget elementor-widget-heading\" data-id=\"2de221e\" data-element_type=\"widget\" data-e-type=\"widget\" data-widget_type=\"heading.default\">\n\t\t\t\t<div class=\"elementor-widget-container\">\n\t\t\t\t\t<p class=\"elementor-heading-title elementor-size-default\">YEARS <\/br><span>OF EXPERIENCE<\/span><\/p>\t\t\t\t<\/div>\n\t\t\t\t<\/div>\n\t\t\t\t<\/div>\n\t\t<div class=\"elementor-element elementor-element-625f843 e-con-full stats e-flex e-con e-child\" data-id=\"625f843\" data-element_type=\"container\" data-e-type=\"container\">\n\t\t\t\t<div class=\"elementor-element elementor-element-862bfb6 elementor-widget elementor-widget-heading\" data-id=\"862bfb6\" data-element_type=\"widget\" data-e-type=\"widget\" data-widget_type=\"heading.default\">\n\t\t\t\t<div class=\"elementor-widget-container\">\n\t\t\t\t\t<span class=\"elementor-heading-title elementor-size-default\"><em>+<\/em>500<\/span>\t\t\t\t<\/div>\n\t\t\t\t<\/div>\n\t\t\t\t<div class=\"elementor-element elementor-element-de06dc7 elementor-widget elementor-widget-heading\" data-id=\"de06dc7\" data-element_type=\"widget\" data-e-type=\"widget\" data-widget_type=\"heading.default\">\n\t\t\t\t<div class=\"elementor-widget-container\">\n\t\t\t\t\t<p class=\"elementor-heading-title elementor-size-default\">SATISFIED <\/br><span>CUSTOMERS<\/span><\/p>\t\t\t\t<\/div>\n\t\t\t\t<\/div>\n\t\t\t\t<\/div>\n\t\t\t\t<\/div>\n\t\t\t\t<\/div>\n\t\t\t\t<\/div>\n\t\t\t\t<div class=\"elementor-element elementor-element-8a7ea25 elementor-widget__width-initial elementor-widget elementor-widget-image\" data-id=\"8a7ea25\" data-element_type=\"widget\" data-e-type=\"widget\" data-widget_type=\"image.default\">\n\t\t\t\t<div class=\"elementor-widget-container\">\n\t\t\t\t\t\t\t\t\t\t\t\t\t\t\t<img decoding=\"async\" width=\"800\" height=\"416\" src=\"https:\/\/jardineriaoscarh.com\/wp-content\/uploads\/2024\/06\/ohj_nosotros_equipo_dk-1024x533.jpg\" class=\"attachment-large size-large wp-image-726\" alt=\"\" srcset=\"https:\/\/jardineriaoscarh.com\/wp-content\/uploads\/2024\/06\/ohj_nosotros_equipo_dk-1024x533.jpg 1024w, https:\/\/jardineriaoscarh.com\/wp-content\/uploads\/2024\/06\/ohj_nosotros_equipo_dk-300x156.jpg 300w, https:\/\/jardineriaoscarh.com\/wp-content\/uploads\/2024\/06\/ohj_nosotros_equipo_dk-768x399.jpg 768w, https:\/\/jardineriaoscarh.com\/wp-content\/uploads\/2024\/06\/ohj_nosotros_equipo_dk.jpg 1140w\" sizes=\"(max-width: 800px) 100vw, 800px\" \/>\t\t\t\t\t\t\t\t\t\t\t\t\t\t\t<\/div>\n\t\t\t\t<\/div>\n\t\t\t\t\t<\/div>\n\t\t\t\t<\/div>\n\t\t<div class=\"elementor-element elementor-element-cd0f452 e-flex e-con-boxed e-con e-parent\" data-id=\"cd0f452\" data-element_type=\"container\" data-e-type=\"container\" data-settings=\"{&quot;background_background&quot;:&quot;classic&quot;}\">\n\t\t\t\t\t<div class=\"e-con-inner\">\n\t\t<div class=\"elementor-element elementor-element-83b6ec0 e-con-full e-flex e-con e-child\" data-id=\"83b6ec0\" data-element_type=\"container\" data-e-type=\"container\">\n\t\t<div class=\"elementor-element elementor-element-9670787 e-con-full e-flex e-con e-child\" data-id=\"9670787\" data-element_type=\"container\" data-e-type=\"container\">\n\t\t\t\t<div class=\"elementor-element elementor-element-73ea06c elementor-widget elementor-widget-heading\" data-id=\"73ea06c\" data-element_type=\"widget\" data-e-type=\"widget\" data-widget_type=\"heading.default\">\n\t\t\t\t<div class=\"elementor-widget-container\">\n\t\t\t\t\t<p class=\"elementor-heading-title elementor-size-default\">NEED A GOOD GARDENER?<\/p>\t\t\t\t<\/div>\n\t\t\t\t<\/div>\n\t\t\t\t<div class=\"elementor-element elementor-element-f2388c2 elementor-widget elementor-widget-heading\" data-id=\"f2388c2\" data-element_type=\"widget\" data-e-type=\"widget\" data-widget_type=\"heading.default\">\n\t\t\t\t<div class=\"elementor-widget-container\">\n\t\t\t\t\t<h2 class=\"elementor-heading-title elementor-size-default\">CALL US NOW!<\/h2>\t\t\t\t<\/div>\n\t\t\t\t<\/div>\n\t\t\t\t<\/div>\n\t\t\t\t<div class=\"elementor-element elementor-element-99304e3 elementor-widget elementor-widget-text-editor\" data-id=\"99304e3\" data-element_type=\"widget\" data-e-type=\"widget\" data-widget_type=\"text-editor.default\">\n\t\t\t\t<div class=\"elementor-widget-container\">\n\t\t\t\t\t\t\t\t\t<p>If you are looking for a gardening company where rigour, professionalism, attention to detail and a taste for a job well done are paramount, you are in luck! <br>You have finally found us.<\/p>\t\t\t\t\t\t\t\t<\/div>\n\t\t\t\t<\/div>\n\t\t\t\t<\/div>\n\t\t\t\t<div class=\"elementor-element elementor-element-6f910a6 elementor-align-center elementor-widget elementor-widget-button\" data-id=\"6f910a6\" data-element_type=\"widget\" data-e-type=\"widget\" data-widget_type=\"button.default\">\n\t\t\t\t<div class=\"elementor-widget-container\">\n\t\t\t\t\t\t\t\t\t<div class=\"elementor-button-wrapper\">\n\t\t\t\t\t<a class=\"elementor-button elementor-button-link elementor-size-sm\" href=\"https:\/\/jardineriaoscarh.com\/en\/contact\/\">\n\t\t\t\t\t\t<span class=\"elementor-button-content-wrapper\">\n\t\t\t\t\t\t\t\t\t<span class=\"elementor-button-text\">Contact \u00d3scar Herrera<\/span>\n\t\t\t\t\t<\/span>\n\t\t\t\t\t<\/a>\n\t\t\t\t<\/div>\n\t\t\t\t\t\t\t\t<\/div>\n\t\t\t\t<\/div>\n\t\t\t\t\t<\/div>\n\t\t\t\t<\/div>\n\t\t\t\t<\/div>\n\t\t","protected":false},"excerpt":{"rendered":"<p>About Us We are \u00d3scar Herrera Jardines y Paisajismo and we have the most beautiful job in the world: turning dreams into reality. A wonderful team of gardeners with a single goal, to make the garden you have always wanted a reality. WHO IS \u00d3SCAR HERRERA A gardener in love with his profession. That is [&hellip;]<\/p>\n","protected":false},"author":1,"featured_media":0,"parent":0,"menu_order":1,"comment_status":"closed","ping_status":"closed","template":"elementor_header_footer","meta":{"_acf_changed":false,"footnotes":""},"class_list":["post-922","page","type-page","status-publish","hentry"],"acf":[],"yoast_head":"<!-- This site is optimized with the Yoast SEO plugin v27.3 - https:\/\/yoast.com\/product\/yoast-seo-wordpress\/ -->\n<title>About us - \u00d3scar Herrera Jardineria<\/title>\n<meta name=\"robots\" content=\"index, follow, max-snippet:-1, max-image-preview:large, max-video-preview:-1\" \/>\n<link rel=\"canonical\" href=\"https:\/\/jardineriaoscarh.com\/en\/about-us\/\" \/>\n<meta property=\"og:locale\" content=\"en_US\" \/>\n<meta property=\"og:type\" content=\"article\" \/>\n<meta property=\"og:title\" content=\"About us - \u00d3scar Herrera Jardineria\" \/>\n<meta property=\"og:description\" content=\"About Us We are \u00d3scar Herrera Jardines y Paisajismo and we have the most beautiful job in the world: turning dreams into reality. A wonderful team of gardeners with a single goal, to make the garden you have always wanted a reality. WHO IS \u00d3SCAR HERRERA A gardener in love with his profession. That is [&hellip;]\" \/>\n<meta property=\"og:url\" content=\"https:\/\/jardineriaoscarh.com\/en\/about-us\/\" \/>\n<meta property=\"og:site_name\" content=\"\u00d3scar Herrera Jardineria\" \/>\n<meta property=\"article:publisher\" content=\"https:\/\/www.facebook.com\/ohjardineria\/?locale=es_ES\" \/>\n<meta property=\"article:modified_time\" content=\"2025-08-04T14:54:14+00:00\" \/>\n<meta property=\"og:image\" content=\"https:\/\/jardineriaoscarh.com\/wp-content\/uploads\/2024\/06\/ohj_nosotros_oscar_dk.jpg\" \/>\n\t<meta property=\"og:image:width\" content=\"600\" \/>\n\t<meta property=\"og:image:height\" content=\"724\" \/>\n\t<meta property=\"og:image:type\" content=\"image\/jpeg\" \/>\n<meta name=\"twitter:card\" content=\"summary_large_image\" \/>\n<meta name=\"twitter:label1\" content=\"Est. reading time\" \/>\n\t<meta name=\"twitter:data1\" content=\"2 minutes\" \/>\n<script type=\"application\/ld+json\" class=\"yoast-schema-graph\">{\"@context\":\"https:\\\/\\\/schema.org\",\"@graph\":[{\"@type\":\"WebPage\",\"@id\":\"https:\\\/\\\/jardineriaoscarh.com\\\/en\\\/about-us\\\/\",\"url\":\"https:\\\/\\\/jardineriaoscarh.com\\\/en\\\/about-us\\\/\",\"name\":\"About us - \u00d3scar Herrera Jardineria\",\"isPartOf\":{\"@id\":\"https:\\\/\\\/jardineriaoscarh.com\\\/en\\\/#website\"},\"primaryImageOfPage\":{\"@id\":\"https:\\\/\\\/jardineriaoscarh.com\\\/en\\\/about-us\\\/#primaryimage\"},\"image\":{\"@id\":\"https:\\\/\\\/jardineriaoscarh.com\\\/en\\\/about-us\\\/#primaryimage\"},\"thumbnailUrl\":\"https:\\\/\\\/jardineriaoscarh.com\\\/wp-content\\\/uploads\\\/2024\\\/06\\\/ohj_nosotros_oscar_dk.jpg\",\"datePublished\":\"2024-06-23T16:13:04+00:00\",\"dateModified\":\"2025-08-04T14:54:14+00:00\",\"breadcrumb\":{\"@id\":\"https:\\\/\\\/jardineriaoscarh.com\\\/en\\\/about-us\\\/#breadcrumb\"},\"inLanguage\":\"en-US\",\"potentialAction\":[{\"@type\":\"ReadAction\",\"target\":[\"https:\\\/\\\/jardineriaoscarh.com\\\/en\\\/about-us\\\/\"]}]},{\"@type\":\"ImageObject\",\"inLanguage\":\"en-US\",\"@id\":\"https:\\\/\\\/jardineriaoscarh.com\\\/en\\\/about-us\\\/#primaryimage\",\"url\":\"https:\\\/\\\/jardineriaoscarh.com\\\/wp-content\\\/uploads\\\/2024\\\/06\\\/ohj_nosotros_oscar_dk.jpg\",\"contentUrl\":\"https:\\\/\\\/jardineriaoscarh.com\\\/wp-content\\\/uploads\\\/2024\\\/06\\\/ohj_nosotros_oscar_dk.jpg\"},{\"@type\":\"BreadcrumbList\",\"@id\":\"https:\\\/\\\/jardineriaoscarh.com\\\/en\\\/about-us\\\/#breadcrumb\",\"itemListElement\":[{\"@type\":\"ListItem\",\"position\":1,\"name\":\"Portada\",\"item\":\"https:\\\/\\\/jardineriaoscarh.com\\\/en\\\/\"},{\"@type\":\"ListItem\",\"position\":2,\"name\":\"About us\"}]},{\"@type\":\"WebSite\",\"@id\":\"https:\\\/\\\/jardineriaoscarh.com\\\/en\\\/#website\",\"url\":\"https:\\\/\\\/jardineriaoscarh.com\\\/en\\\/\",\"name\":\"\u00d3scar Herrera Jardineria\",\"description\":\"Dise\u00f1amos el jard\u00edn de tus sue\u00f1os\",\"publisher\":{\"@id\":\"https:\\\/\\\/jardineriaoscarh.com\\\/en\\\/#organization\"},\"potentialAction\":[{\"@type\":\"SearchAction\",\"target\":{\"@type\":\"EntryPoint\",\"urlTemplate\":\"https:\\\/\\\/jardineriaoscarh.com\\\/en\\\/?s={search_term_string}\"},\"query-input\":{\"@type\":\"PropertyValueSpecification\",\"valueRequired\":true,\"valueName\":\"search_term_string\"}}],\"inLanguage\":\"en-US\"},{\"@type\":\"Organization\",\"@id\":\"https:\\\/\\\/jardineriaoscarh.com\\\/en\\\/#organization\",\"name\":\"\u00d3scar Herrera Jardineria\",\"url\":\"https:\\\/\\\/jardineriaoscarh.com\\\/en\\\/\",\"logo\":{\"@type\":\"ImageObject\",\"inLanguage\":\"en-US\",\"@id\":\"https:\\\/\\\/jardineriaoscarh.com\\\/en\\\/#\\\/schema\\\/logo\\\/image\\\/\",\"url\":\"https:\\\/\\\/jardineriaoscarh.com\\\/wp-content\\\/uploads\\\/2024\\\/06\\\/oh_isologo_horizontal.svg\",\"contentUrl\":\"https:\\\/\\\/jardineriaoscarh.com\\\/wp-content\\\/uploads\\\/2024\\\/06\\\/oh_isologo_horizontal.svg\",\"width\":265,\"height\":43,\"caption\":\"\u00d3scar Herrera Jardineria\"},\"image\":{\"@id\":\"https:\\\/\\\/jardineriaoscarh.com\\\/en\\\/#\\\/schema\\\/logo\\\/image\\\/\"},\"sameAs\":[\"https:\\\/\\\/www.facebook.com\\\/ohjardineria\\\/?locale=es_ES\",\"https:\\\/\\\/www.instagram.com\\\/oscarherrera_jardines\\\/\",\"https:\\\/\\\/www.youtube.com\\\/channel\\\/UChQbmi2AzatSBWjc6LyAPHw\"]}]}<\/script>\n<!-- \/ Yoast SEO plugin. -->","yoast_head_json":{"title":"About us - \u00d3scar Herrera Jardineria","robots":{"index":"index","follow":"follow","max-snippet":"max-snippet:-1","max-image-preview":"max-image-preview:large","max-video-preview":"max-video-preview:-1"},"canonical":"https:\/\/jardineriaoscarh.com\/en\/about-us\/","og_locale":"en_US","og_type":"article","og_title":"About us - \u00d3scar Herrera Jardineria","og_description":"About Us We are \u00d3scar Herrera Jardines y Paisajismo and we have the most beautiful job in the world: turning dreams into reality. A wonderful team of gardeners with a single goal, to make the garden you have always wanted a reality. WHO IS \u00d3SCAR HERRERA A gardener in love with his profession. That is [&hellip;]","og_url":"https:\/\/jardineriaoscarh.com\/en\/about-us\/","og_site_name":"\u00d3scar Herrera Jardineria","article_publisher":"https:\/\/www.facebook.com\/ohjardineria\/?locale=es_ES","article_modified_time":"2025-08-04T14:54:14+00:00","og_image":[{"width":600,"height":724,"url":"https:\/\/jardineriaoscarh.com\/wp-content\/uploads\/2024\/06\/ohj_nosotros_oscar_dk.jpg","type":"image\/jpeg"}],"twitter_card":"summary_large_image","twitter_misc":{"Est. reading time":"2 minutes"},"schema":{"@context":"https:\/\/schema.org","@graph":[{"@type":"WebPage","@id":"https:\/\/jardineriaoscarh.com\/en\/about-us\/","url":"https:\/\/jardineriaoscarh.com\/en\/about-us\/","name":"About us - \u00d3scar Herrera Jardineria","isPartOf":{"@id":"https:\/\/jardineriaoscarh.com\/en\/#website"},"primaryImageOfPage":{"@id":"https:\/\/jardineriaoscarh.com\/en\/about-us\/#primaryimage"},"image":{"@id":"https:\/\/jardineriaoscarh.com\/en\/about-us\/#primaryimage"},"thumbnailUrl":"https:\/\/jardineriaoscarh.com\/wp-content\/uploads\/2024\/06\/ohj_nosotros_oscar_dk.jpg","datePublished":"2024-06-23T16:13:04+00:00","dateModified":"2025-08-04T14:54:14+00:00","breadcrumb":{"@id":"https:\/\/jardineriaoscarh.com\/en\/about-us\/#breadcrumb"},"inLanguage":"en-US","potentialAction":[{"@type":"ReadAction","target":["https:\/\/jardineriaoscarh.com\/en\/about-us\/"]}]},{"@type":"ImageObject","inLanguage":"en-US","@id":"https:\/\/jardineriaoscarh.com\/en\/about-us\/#primaryimage","url":"https:\/\/jardineriaoscarh.com\/wp-content\/uploads\/2024\/06\/ohj_nosotros_oscar_dk.jpg","contentUrl":"https:\/\/jardineriaoscarh.com\/wp-content\/uploads\/2024\/06\/ohj_nosotros_oscar_dk.jpg"},{"@type":"BreadcrumbList","@id":"https:\/\/jardineriaoscarh.com\/en\/about-us\/#breadcrumb","itemListElement":[{"@type":"ListItem","position":1,"name":"Portada","item":"https:\/\/jardineriaoscarh.com\/en\/"},{"@type":"ListItem","position":2,"name":"About us"}]},{"@type":"WebSite","@id":"https:\/\/jardineriaoscarh.com\/en\/#website","url":"https:\/\/jardineriaoscarh.com\/en\/","name":"\u00d3scar Herrera Jardineria","description":"Dise\u00f1amos el jard\u00edn de tus sue\u00f1os","publisher":{"@id":"https:\/\/jardineriaoscarh.com\/en\/#organization"},"potentialAction":[{"@type":"SearchAction","target":{"@type":"EntryPoint","urlTemplate":"https:\/\/jardineriaoscarh.com\/en\/?s={search_term_string}"},"query-input":{"@type":"PropertyValueSpecification","valueRequired":true,"valueName":"search_term_string"}}],"inLanguage":"en-US"},{"@type":"Organization","@id":"https:\/\/jardineriaoscarh.com\/en\/#organization","name":"\u00d3scar Herrera Jardineria","url":"https:\/\/jardineriaoscarh.com\/en\/","logo":{"@type":"ImageObject","inLanguage":"en-US","@id":"https:\/\/jardineriaoscarh.com\/en\/#\/schema\/logo\/image\/","url":"https:\/\/jardineriaoscarh.com\/wp-content\/uploads\/2024\/06\/oh_isologo_horizontal.svg","contentUrl":"https:\/\/jardineriaoscarh.com\/wp-content\/uploads\/2024\/06\/oh_isologo_horizontal.svg","width":265,"height":43,"caption":"\u00d3scar Herrera Jardineria"},"image":{"@id":"https:\/\/jardineriaoscarh.com\/en\/#\/schema\/logo\/image\/"},"sameAs":["https:\/\/www.facebook.com\/ohjardineria\/?locale=es_ES","https:\/\/www.instagram.com\/oscarherrera_jardines\/","https:\/\/www.youtube.com\/channel\/UChQbmi2AzatSBWjc6LyAPHw"]}]}},"_links":{"self":[{"href":"https:\/\/jardineriaoscarh.com\/en\/wp-json\/wp\/v2\/pages\/922","targetHints":{"allow":["GET"]}}],"collection":[{"href":"https:\/\/jardineriaoscarh.com\/en\/wp-json\/wp\/v2\/pages"}],"about":[{"href":"https:\/\/jardineriaoscarh.com\/en\/wp-json\/wp\/v2\/types\/page"}],"author":[{"embeddable":true,"href":"https:\/\/jardineriaoscarh.com\/en\/wp-json\/wp\/v2\/users\/1"}],"replies":[{"embeddable":true,"href":"https:\/\/jardineriaoscarh.com\/en\/wp-json\/wp\/v2\/comments?post=922"}],"version-history":[{"count":3,"href":"https:\/\/jardineriaoscarh.com\/en\/wp-json\/wp\/v2\/pages\/922\/revisions"}],"predecessor-version":[{"id":2206,"href":"https:\/\/jardineriaoscarh.com\/en\/wp-json\/wp\/v2\/pages\/922\/revisions\/2206"}],"wp:attachment":[{"href":"https:\/\/jardineriaoscarh.com\/en\/wp-json\/wp\/v2\/media?parent=922"}],"curies":[{"name":"wp","href":"https:\/\/api.w.org\/{rel}","templated":true}]}}