{"id":910,"date":"2024-06-24T21:14:08","date_gmt":"2024-06-24T19:14:08","guid":{"rendered":"https:\/\/desarrollo.jardineriaoscarh.com\/contacte\/"},"modified":"2024-09-12T08:39:20","modified_gmt":"2024-09-12T08:39:20","slug":"contacte","status":"publish","type":"page","link":"https:\/\/jardineriaoscarh.com\/ca\/contacte\/","title":{"rendered":"Contacte"},"content":{"rendered":"\t\t<div data-elementor-type=\"wp-page\" data-elementor-id=\"910\" class=\"elementor elementor-910 elementor-407\" data-elementor-post-type=\"page\">\n\t\t\t\t<div class=\"elementor-element elementor-element-ae7da98 e-flex e-con-boxed e-con e-parent\" data-id=\"ae7da98\" data-element_type=\"container\" data-e-type=\"container\" data-settings=\"{&quot;background_background&quot;:&quot;classic&quot;}\">\n\t\t\t\t\t<div class=\"e-con-inner\">\n\t\t\t\t<div class=\"elementor-element elementor-element-1c7654e elementor-widget elementor-widget-heading\" data-id=\"1c7654e\" data-element_type=\"widget\" data-e-type=\"widget\" data-widget_type=\"heading.default\">\n\t\t\t\t<div class=\"elementor-widget-container\">\n\t\t\t\t\t<h1 class=\"elementor-heading-title elementor-size-default\">CONTACTE<\/h1>\t\t\t\t<\/div>\n\t\t\t\t<\/div>\n\t\t\t\t<div class=\"elementor-element elementor-element-eed75cb elementor-widget__width-initial elementor-widget elementor-widget-text-editor\" data-id=\"eed75cb\" data-element_type=\"widget\" data-e-type=\"widget\" data-widget_type=\"text-editor.default\">\n\t\t\t\t<div class=\"elementor-widget-container\">\n\t\t\t\t\t\t\t\t\t<p>Explica&#8217;ns qu\u00e8 necessites per al teu jard\u00ed, la teva terrassa, la teva piscina o la teva zona verda. A \u00d3scar Herrera Jardines y Paisajismo responem amb rapidesa, presumim de ser seriosos i puntuals i t&#8217;oferim solucions a mida.<\/p>\n\t\t\t\t\t\t\t\t<\/div>\n\t\t\t\t<\/div>\n\t\t\t\t\t<\/div>\n\t\t\t\t<\/div>\n\t\t<div class=\"elementor-element elementor-element-e368add e-con-full e-flex e-con e-parent\" data-id=\"e368add\" data-element_type=\"container\" data-e-type=\"container\">\n\t\t<div class=\"elementor-element elementor-element-a83e695 e-con-full e-flex e-con e-child\" data-id=\"a83e695\" data-element_type=\"container\" data-e-type=\"container\">\n\t\t\t\t<div class=\"elementor-element elementor-element-718f16a elementor-widget__width-initial elementor-widget elementor-widget-heading\" data-id=\"718f16a\" data-element_type=\"widget\" data-e-type=\"widget\" data-widget_type=\"heading.default\">\n\t\t\t\t<div class=\"elementor-widget-container\">\n\t\t\t\t\t<h2 class=\"elementor-heading-title elementor-size-default\">T'AJUDEM AMB EL TEU JARD\u00cd?<\/h2>\t\t\t\t<\/div>\n\t\t\t\t<\/div>\n\t\t\t\t<div class=\"elementor-element elementor-element-3cedeed elementor-widget-divider--view-line elementor-widget elementor-widget-divider\" data-id=\"3cedeed\" data-element_type=\"widget\" data-e-type=\"widget\" data-widget_type=\"divider.default\">\n\t\t\t\t<div class=\"elementor-widget-container\">\n\t\t\t\t\t\t\t<div class=\"elementor-divider\">\n\t\t\t<span class=\"elementor-divider-separator\">\n\t\t\t\t\t\t<\/span>\n\t\t<\/div>\n\t\t\t\t\t\t<\/div>\n\t\t\t\t<\/div>\n\t\t<div class=\"elementor-element elementor-element-348b488 e-con-full e-flex e-con e-child\" data-id=\"348b488\" data-element_type=\"container\" data-e-type=\"container\">\n\t\t\t\t<div class=\"elementor-element elementor-element-85df3d7 elementor-widget elementor-widget-text-editor\" data-id=\"85df3d7\" data-element_type=\"widget\" data-e-type=\"widget\" data-widget_type=\"text-editor.default\">\n\t\t\t\t<div class=\"elementor-widget-container\">\n\t\t\t\t\t\t\t\t\t<p>Som aqu\u00ed per ajudar-te a crear el jard\u00ed dels teus somnis. Si tens alguna pregunta, comentari o necessites assessorament sobre com millorar el teu jard\u00ed, no dubtis a posar-te en contacte amb nosaltres.<\/p>\n\t\t\t\t\t\t\t\t<\/div>\n\t\t\t\t<\/div>\n\t\t\t\t<div class=\"elementor-element elementor-element-3fc4b2b elementor-icon-list--layout-traditional elementor-list-item-link-full_width elementor-widget elementor-widget-icon-list\" data-id=\"3fc4b2b\" data-element_type=\"widget\" data-e-type=\"widget\" data-widget_type=\"icon-list.default\">\n\t\t\t\t<div class=\"elementor-widget-container\">\n\t\t\t\t\t\t\t<ul class=\"elementor-icon-list-items\">\n\t\t\t\t\t\t\t<li class=\"elementor-icon-list-item\">\n\t\t\t\t\t\t\t\t\t\t\t<a href=\"tel:640241846\" target=\"_blank\">\n\n\t\t\t\t\t\t\t\t\t\t\t\t<span class=\"elementor-icon-list-icon\">\n\t\t\t\t\t\t\t<svg xmlns=\"http:\/\/www.w3.org\/2000\/svg\" width=\"30\" height=\"30\" viewBox=\"0 0 30 30\" fill=\"none\"><rect width=\"30\" height=\"30\" rx=\"15\" fill=\"#1D4F2E\"><\/rect><path d=\"M10.5167 13.9917C11.7167 16.35 13.65 18.275 16.0083 19.4833L17.8417 17.65C18.0667 17.425 18.4 17.35 18.6917 17.45C19.625 17.7583 20.6333 17.925 21.6667 17.925C22.125 17.925 22.5 18.3 22.5 18.7583V21.6667C22.5 22.125 22.125 22.5 21.6667 22.5C13.8417 22.5 7.5 16.1583 7.5 8.33333C7.5 7.875 7.875 7.5 8.33333 7.5H11.25C11.7083 7.5 12.0833 7.875 12.0833 8.33333C12.0833 9.375 12.25 10.375 12.5583 11.3083C12.65 11.6 12.5833 11.925 12.35 12.1583L10.5167 13.9917Z\" fill=\"#94FF90\"><\/path><\/svg>\t\t\t\t\t\t<\/span>\n\t\t\t\t\t\t\t\t\t\t<span class=\"elementor-icon-list-text\">+34 640 24 18 46<\/span>\n\t\t\t\t\t\t\t\t\t\t\t<\/a>\n\t\t\t\t\t\t\t\t\t<\/li>\n\t\t\t\t\t\t\t\t<li class=\"elementor-icon-list-item\">\n\t\t\t\t\t\t\t\t\t\t\t<a href=\"mailto:ohjardineria@gmail.com\" target=\"_blank\">\n\n\t\t\t\t\t\t\t\t\t\t\t\t<span class=\"elementor-icon-list-icon\">\n\t\t\t\t\t\t\t<svg xmlns=\"http:\/\/www.w3.org\/2000\/svg\" width=\"30\" height=\"30\" viewBox=\"0 0 30 30\" fill=\"none\"><rect width=\"30\" height=\"30\" rx=\"15\" fill=\"#1D4F2E\"><\/rect><path d=\"M8.33317 21.6673C7.87484 21.6673 7.48262 21.5043 7.1565 21.1782C6.83039 20.852 6.66706 20.4595 6.6665 20.0007V10.0007C6.6665 9.54232 6.82984 9.1501 7.1565 8.82398C7.48317 8.49787 7.87539 8.33454 8.33317 8.33398H21.6665C22.1248 8.33398 22.5173 8.49732 22.844 8.82398C23.1707 9.15065 23.3337 9.54287 23.3332 10.0007V20.0007C23.3332 20.459 23.1701 20.8515 22.844 21.1782C22.5179 21.5048 22.1254 21.6679 21.6665 21.6673H8.33317ZM14.9998 15.834L8.33317 11.6673V20.0007H21.6665V11.6673L14.9998 15.834ZM14.9998 14.1673L21.6665 10.0007H8.33317L14.9998 14.1673ZM8.33317 11.6673V10.0007V20.0007V11.6673Z\" fill=\"#94FF90\"><\/path><\/svg>\t\t\t\t\t\t<\/span>\n\t\t\t\t\t\t\t\t\t\t<span class=\"elementor-icon-list-text\">ohjardineria@gmail.com<\/span>\n\t\t\t\t\t\t\t\t\t\t\t<\/a>\n\t\t\t\t\t\t\t\t\t<\/li>\n\t\t\t\t\t\t\t\t<li class=\"elementor-icon-list-item\">\n\t\t\t\t\t\t\t\t\t\t\t<a href=\"https:\/\/www.google.com\/maps\/place\/\/data=!4m2!3m1!1s0x12a49d13084b50a5:0xec39f5ba5a8c0d2?sa=X&#038;ved=1t:8290&#038;ictx=111\" target=\"_blank\">\n\n\t\t\t\t\t\t\t\t\t\t\t\t<span class=\"elementor-icon-list-icon\">\n\t\t\t\t\t\t\t<svg xmlns=\"http:\/\/www.w3.org\/2000\/svg\" width=\"30\" height=\"30\" viewBox=\"0 0 30 30\" fill=\"none\"><rect width=\"30\" height=\"30\" rx=\"15\" fill=\"#1D4F2E\"><\/rect><path d=\"M15 16C14.4067 16 13.8266 15.8241 13.3333 15.4944C12.8399 15.1648 12.4554 14.6962 12.2284 14.1481C12.0013 13.5999 11.9419 12.9967 12.0576 12.4147C12.1734 11.8328 12.4591 11.2982 12.8787 10.8787C13.2982 10.4591 13.8328 10.1734 14.4147 10.0576C14.9967 9.94189 15.5999 10.0013 16.1481 10.2284C16.6962 10.4554 17.1648 10.8399 17.4944 11.3333C17.8241 11.8266 18 12.4067 18 13C17.999 13.7954 17.6827 14.5579 17.1203 15.1203C16.5579 15.6827 15.7954 15.999 15 16ZM15 11.2C14.644 11.2 14.296 11.3056 14 11.5034C13.704 11.7011 13.4733 11.9823 13.337 12.3112C13.2008 12.6401 13.1651 13.002 13.2346 13.3512C13.304 13.7003 13.4755 14.0211 13.7272 14.2728C13.9789 14.5245 14.2997 14.696 14.6488 14.7654C14.998 14.8349 15.3599 14.7992 15.6888 14.663C16.0177 14.5267 16.2989 14.296 16.4966 14C16.6944 13.704 16.8 13.356 16.8 13C16.7995 12.5228 16.6097 12.0652 16.2723 11.7277C15.9348 11.3903 15.4772 11.2005 15 11.2Z\" fill=\"#94FF90\"><\/path><path d=\"M15 24L9.63164 17.6042C9.55704 17.5082 9.48322 17.4115 9.41019 17.3143C8.49364 16.0938 7.9983 14.6034 8 13.0714C8 11.196 8.7375 9.39732 10.0503 8.07117C11.363 6.74502 13.1435 6 15 6C16.8565 6 18.637 6.74502 19.9497 8.07117C21.2625 9.39732 22 11.196 22 13.0714C22.0015 14.6027 21.5064 16.0923 20.5905 17.3124L20.5898 17.3143C20.5898 17.3143 20.3989 17.5676 20.3703 17.6016L15 24ZM10.4265 16.5396C10.4265 16.5396 10.5747 16.7376 10.6085 16.7801L15 22.0123L19.3973 16.773C19.4253 16.7376 19.5742 16.5384 19.5748 16.5377C20.324 15.5407 20.7288 14.3231 20.7273 13.0714C20.7273 11.537 20.1239 10.0653 19.0498 8.98031C17.9757 7.89528 16.519 7.28571 15 7.28571C13.481 7.28571 12.0243 7.89528 10.9502 8.98031C9.87614 10.0653 9.27273 11.537 9.27273 13.0714C9.27116 14.3239 9.67647 15.5423 10.4265 16.5396Z\" fill=\"#94FF90\"><\/path><\/svg>\t\t\t\t\t\t<\/span>\n\t\t\t\t\t\t\t\t\t\t<span class=\"elementor-icon-list-text\">Carrer Pet\u00fania 7 Viladecans, Barcelona.<\/span>\n\t\t\t\t\t\t\t\t\t\t\t<\/a>\n\t\t\t\t\t\t\t\t\t<\/li>\n\t\t\t\t\t\t<\/ul>\n\t\t\t\t\t\t<\/div>\n\t\t\t\t<\/div>\n\t\t\t\t<\/div>\n\t\t\t\t<\/div>\n\t\t\t\t<div class=\"elementor-element elementor-element-522 elementor-button-align-start elementor-widget__width-initial elementor-widget elementor-widget-global elementor-global-883 elementor-global-522 elementor-widget-form\" data-id=\"522\" data-element_type=\"widget\" data-e-type=\"widget\" data-settings=\"{&quot;step_next_label&quot;:&quot;Seg\\u00fcent&quot;,&quot;step_previous_label&quot;:&quot;Anterior&quot;,&quot;button_width&quot;:&quot;100&quot;,&quot;step_type&quot;:&quot;number_text&quot;,&quot;step_icon_shape&quot;:&quot;circle&quot;}\" data-widget_type=\"form.default\">\n\t\t\t\t<div class=\"elementor-widget-container\">\n\t\t\t\t\t\t\t<form class=\"elementor-form\" method=\"post\" name=\"Formulari de contacte\" aria-label=\"Formulari de contacte\">\n\t\t\t<input type=\"hidden\" name=\"post_id\" value=\"910\"\/>\n\t\t\t<input type=\"hidden\" name=\"form_id\" value=\"522\"\/>\n\t\t\t<input type=\"hidden\" name=\"referer_title\" value=\"\u00d3scar Herrera Jardineria\" \/>\n\n\t\t\t\n\t\t\t<div class=\"elementor-form-fields-wrapper elementor-labels-above\">\n\t\t\t\t\t\t\t\t<div class=\"elementor-field-type-text elementor-field-group elementor-column elementor-field-group-name elementor-col-100 elementor-field-required\">\n\t\t\t\t\t\t\t\t\t\t\t\t<label for=\"form-field-name\" class=\"elementor-field-label\">\n\t\t\t\t\t\t\t\tNom\t\t\t\t\t\t\t<\/label>\n\t\t\t\t\t\t\t\t\t\t\t\t\t\t<input size=\"1\" type=\"text\" name=\"form_fields[name]\" id=\"form-field-name\" class=\"elementor-field elementor-size-sm  elementor-field-textual\" placeholder=\"Nom\" required=\"required\">\n\t\t\t\t\t\t\t\t\t\t\t<\/div>\n\t\t\t\t\t\t\t\t<div class=\"elementor-field-type-email elementor-field-group elementor-column elementor-field-group-email elementor-col-100 elementor-field-required\">\n\t\t\t\t\t\t\t\t\t\t\t\t<label for=\"form-field-email\" class=\"elementor-field-label\">\n\t\t\t\t\t\t\t\tCorreu electr\u00f2nic\t\t\t\t\t\t\t<\/label>\n\t\t\t\t\t\t\t\t\t\t\t\t\t\t<input size=\"1\" type=\"email\" name=\"form_fields[email]\" id=\"form-field-email\" class=\"elementor-field elementor-size-sm  elementor-field-textual\" placeholder=\"Email\" required=\"required\">\n\t\t\t\t\t\t\t\t\t\t\t<\/div>\n\t\t\t\t\t\t\t\t<div class=\"elementor-field-type-text elementor-field-group elementor-column elementor-field-group-tel elementor-col-100 elementor-field-required\">\n\t\t\t\t\t\t\t\t\t\t\t\t<label for=\"form-field-tel\" class=\"elementor-field-label\">\n\t\t\t\t\t\t\t\tTel\u00e8fon\t\t\t\t\t\t\t<\/label>\n\t\t\t\t\t\t\t\t\t\t\t\t\t\t<input size=\"1\" type=\"text\" name=\"form_fields[tel]\" id=\"form-field-tel\" class=\"elementor-field elementor-size-sm  elementor-field-textual\" placeholder=\"Tel\u00e8fon\" required=\"required\">\n\t\t\t\t\t\t\t\t\t\t\t<\/div>\n\t\t\t\t\t\t\t\t<div class=\"elementor-field-type-text elementor-field-group elementor-column elementor-field-group-poblacion elementor-col-100\">\n\t\t\t\t\t\t\t\t\t\t\t\t<label for=\"form-field-poblacion\" class=\"elementor-field-label\">\n\t\t\t\t\t\t\t\tPoblaci\u00f3\t\t\t\t\t\t\t<\/label>\n\t\t\t\t\t\t\t\t\t\t\t\t\t\t<input size=\"1\" type=\"text\" name=\"form_fields[poblacion]\" id=\"form-field-poblacion\" class=\"elementor-field elementor-size-sm  elementor-field-textual\" placeholder=\"On et trobes?\">\n\t\t\t\t\t\t\t\t\t\t\t<\/div>\n\t\t\t\t\t\t\t\t<div class=\"elementor-field-type-textarea elementor-field-group elementor-column elementor-field-group-message elementor-col-100 elementor-field-required\">\n\t\t\t\t\t\t\t\t\t\t\t\t<label for=\"form-field-message\" class=\"elementor-field-label\">\n\t\t\t\t\t\t\t\tQu\u00e8 necessites per al teu jard\u00ed?\t\t\t\t\t\t\t<\/label>\n\t\t\t\t\t\t<textarea class=\"elementor-field-textual elementor-field  elementor-size-sm\" name=\"form_fields[message]\" id=\"form-field-message\" rows=\"4\" placeholder=\"Escriu el teu missatge\" required=\"required\"><\/textarea>\t\t\t\t<\/div>\n\t\t\t\t\t\t\t\t<div class=\"elementor-field-type-acceptance elementor-field-group elementor-column elementor-field-group-check elementor-col-100 elementor-field-required\">\n\t\t\t\t\t\t\t<div class=\"elementor-field-subgroup\">\n\t\t\t<span class=\"elementor-field-option\">\n\t\t\t\t<input type=\"checkbox\" name=\"form_fields[check]\" id=\"form-field-check\" class=\"elementor-field elementor-size-sm  elementor-acceptance-field\" required=\"required\">\n\t\t\t\t<label for=\"form-field-check\">He llegit i accepto la <a href=\"https:\/\/jardineriaoscarh.com\/politica-de-privacidad\/\" target=\"blank\">pol\u00edtica de privacitat.<\/a><\/label>\t\t\t<\/span>\n\t\t<\/div>\n\t\t\t\t\t\t<\/div>\n\t\t\t\t\t\t\t\t<div class=\"elementor-field-type-recaptcha_v3 elementor-field-group elementor-column elementor-field-group-field_f225e4e elementor-col-100 recaptcha_v3-bottomright\">\n\t\t\t\t\t<div class=\"elementor-field\" id=\"form-field-field_f225e4e\"><div class=\"elementor-g-recaptcha\" data-sitekey=\"6Ldq7RIqAAAAACtBpPthiW53qPcT3y32rO5JaaSo\" data-type=\"v3\" data-action=\"Form\" data-badge=\"bottomright\" data-size=\"invisible\"><\/div><\/div>\t\t\t\t<\/div>\n\t\t\t\t\t\t\t\t<div class=\"elementor-field-group elementor-column elementor-field-type-submit elementor-col-100 e-form__buttons\">\n\t\t\t\t\t<button class=\"elementor-button elementor-size-sm\" type=\"submit\">\n\t\t\t\t\t\t<span class=\"elementor-button-content-wrapper\">\n\t\t\t\t\t\t\t\t\t\t\t\t\t\t\t\t\t\t\t\t\t\t<span class=\"elementor-button-text\">Enviar<\/span>\n\t\t\t\t\t\t\t\t\t\t\t\t\t<\/span>\n\t\t\t\t\t<\/button>\n\t\t\t\t<\/div>\n\t\t\t<\/div>\n\t\t<\/form>\n\t\t\t\t\t\t<\/div>\n\t\t\t\t<\/div>\n\t\t\t\t<\/div>\n\t\t\t\t<\/div>\n\t\t","protected":false},"excerpt":{"rendered":"<p>CONTACTE Explica&#8217;ns qu\u00e8 necessites per al teu jard\u00ed, la teva terrassa, la teva piscina o la teva zona verda. A \u00d3scar Herrera Jardines y Paisajismo responem amb rapidesa, presumim de ser seriosos i puntuals i t&#8217;oferim solucions a mida. T&#8217;AJUDEM AMB EL TEU JARD\u00cd? Som aqu\u00ed per ajudar-te a crear el jard\u00ed dels teus somnis. [&hellip;]<\/p>\n","protected":false},"author":1,"featured_media":0,"parent":0,"menu_order":4,"comment_status":"closed","ping_status":"closed","template":"elementor_header_footer","meta":{"_acf_changed":false,"footnotes":""},"class_list":["post-910","page","type-page","status-publish","hentry"],"acf":[],"yoast_head":"<!-- This site is optimized with the Yoast SEO plugin v27.3 - https:\/\/yoast.com\/product\/yoast-seo-wordpress\/ -->\n<title>Contacte - \u00d3scar Herrera Jardineria<\/title>\n<meta name=\"robots\" content=\"index, follow, max-snippet:-1, max-image-preview:large, max-video-preview:-1\" \/>\n<link rel=\"canonical\" href=\"https:\/\/jardineriaoscarh.com\/ca\/contacte\/\" \/>\n<meta property=\"og:locale\" content=\"ca_ES\" \/>\n<meta property=\"og:type\" content=\"article\" \/>\n<meta property=\"og:title\" content=\"Contacte - \u00d3scar Herrera Jardineria\" \/>\n<meta property=\"og:description\" content=\"CONTACTE Explica&#8217;ns qu\u00e8 necessites per al teu jard\u00ed, la teva terrassa, la teva piscina o la teva zona verda. A \u00d3scar Herrera Jardines y Paisajismo responem amb rapidesa, presumim de ser seriosos i puntuals i t&#8217;oferim solucions a mida. T&#8217;AJUDEM AMB EL TEU JARD\u00cd? Som aqu\u00ed per ajudar-te a crear el jard\u00ed dels teus somnis. [&hellip;]\" \/>\n<meta property=\"og:url\" content=\"https:\/\/jardineriaoscarh.com\/ca\/contacte\/\" \/>\n<meta property=\"og:site_name\" content=\"\u00d3scar Herrera Jardineria\" \/>\n<meta property=\"article:publisher\" content=\"https:\/\/www.facebook.com\/ohjardineria\/?locale=es_ES\" \/>\n<meta property=\"article:modified_time\" content=\"2024-09-12T08:39:20+00:00\" \/>\n<meta name=\"twitter:card\" content=\"summary_large_image\" \/>\n<script type=\"application\/ld+json\" class=\"yoast-schema-graph\">{\"@context\":\"https:\\\/\\\/schema.org\",\"@graph\":[{\"@type\":\"WebPage\",\"@id\":\"https:\\\/\\\/jardineriaoscarh.com\\\/ca\\\/contacte\\\/\",\"url\":\"https:\\\/\\\/jardineriaoscarh.com\\\/ca\\\/contacte\\\/\",\"name\":\"Contacte - \u00d3scar Herrera Jardineria\",\"isPartOf\":{\"@id\":\"https:\\\/\\\/jardineriaoscarh.com\\\/ca\\\/#website\"},\"datePublished\":\"2024-06-24T19:14:08+00:00\",\"dateModified\":\"2024-09-12T08:39:20+00:00\",\"breadcrumb\":{\"@id\":\"https:\\\/\\\/jardineriaoscarh.com\\\/ca\\\/contacte\\\/#breadcrumb\"},\"inLanguage\":\"ca\",\"potentialAction\":[{\"@type\":\"ReadAction\",\"target\":[\"https:\\\/\\\/jardineriaoscarh.com\\\/ca\\\/contacte\\\/\"]}]},{\"@type\":\"BreadcrumbList\",\"@id\":\"https:\\\/\\\/jardineriaoscarh.com\\\/ca\\\/contacte\\\/#breadcrumb\",\"itemListElement\":[{\"@type\":\"ListItem\",\"position\":1,\"name\":\"Portada\",\"item\":\"https:\\\/\\\/jardineriaoscarh.com\\\/ca\\\/\"},{\"@type\":\"ListItem\",\"position\":2,\"name\":\"Contacte\"}]},{\"@type\":\"WebSite\",\"@id\":\"https:\\\/\\\/jardineriaoscarh.com\\\/ca\\\/#website\",\"url\":\"https:\\\/\\\/jardineriaoscarh.com\\\/ca\\\/\",\"name\":\"\u00d3scar Herrera Jardineria\",\"description\":\"Dise\u00f1amos el jard\u00edn de tus sue\u00f1os\",\"publisher\":{\"@id\":\"https:\\\/\\\/jardineriaoscarh.com\\\/ca\\\/#organization\"},\"potentialAction\":[{\"@type\":\"SearchAction\",\"target\":{\"@type\":\"EntryPoint\",\"urlTemplate\":\"https:\\\/\\\/jardineriaoscarh.com\\\/ca\\\/?s={search_term_string}\"},\"query-input\":{\"@type\":\"PropertyValueSpecification\",\"valueRequired\":true,\"valueName\":\"search_term_string\"}}],\"inLanguage\":\"ca\"},{\"@type\":\"Organization\",\"@id\":\"https:\\\/\\\/jardineriaoscarh.com\\\/ca\\\/#organization\",\"name\":\"\u00d3scar Herrera Jardineria\",\"url\":\"https:\\\/\\\/jardineriaoscarh.com\\\/ca\\\/\",\"logo\":{\"@type\":\"ImageObject\",\"inLanguage\":\"ca\",\"@id\":\"https:\\\/\\\/jardineriaoscarh.com\\\/ca\\\/#\\\/schema\\\/logo\\\/image\\\/\",\"url\":\"https:\\\/\\\/jardineriaoscarh.com\\\/wp-content\\\/uploads\\\/2024\\\/06\\\/oh_isologo_horizontal.svg\",\"contentUrl\":\"https:\\\/\\\/jardineriaoscarh.com\\\/wp-content\\\/uploads\\\/2024\\\/06\\\/oh_isologo_horizontal.svg\",\"width\":265,\"height\":43,\"caption\":\"\u00d3scar Herrera Jardineria\"},\"image\":{\"@id\":\"https:\\\/\\\/jardineriaoscarh.com\\\/ca\\\/#\\\/schema\\\/logo\\\/image\\\/\"},\"sameAs\":[\"https:\\\/\\\/www.facebook.com\\\/ohjardineria\\\/?locale=es_ES\",\"https:\\\/\\\/www.instagram.com\\\/oscarherrera_jardines\\\/\",\"https:\\\/\\\/www.youtube.com\\\/channel\\\/UChQbmi2AzatSBWjc6LyAPHw\"]}]}<\/script>\n<!-- \/ Yoast SEO plugin. -->","yoast_head_json":{"title":"Contacte - \u00d3scar Herrera Jardineria","robots":{"index":"index","follow":"follow","max-snippet":"max-snippet:-1","max-image-preview":"max-image-preview:large","max-video-preview":"max-video-preview:-1"},"canonical":"https:\/\/jardineriaoscarh.com\/ca\/contacte\/","og_locale":"ca_ES","og_type":"article","og_title":"Contacte - \u00d3scar Herrera Jardineria","og_description":"CONTACTE Explica&#8217;ns qu\u00e8 necessites per al teu jard\u00ed, la teva terrassa, la teva piscina o la teva zona verda. A \u00d3scar Herrera Jardines y Paisajismo responem amb rapidesa, presumim de ser seriosos i puntuals i t&#8217;oferim solucions a mida. T&#8217;AJUDEM AMB EL TEU JARD\u00cd? Som aqu\u00ed per ajudar-te a crear el jard\u00ed dels teus somnis. [&hellip;]","og_url":"https:\/\/jardineriaoscarh.com\/ca\/contacte\/","og_site_name":"\u00d3scar Herrera Jardineria","article_publisher":"https:\/\/www.facebook.com\/ohjardineria\/?locale=es_ES","article_modified_time":"2024-09-12T08:39:20+00:00","twitter_card":"summary_large_image","schema":{"@context":"https:\/\/schema.org","@graph":[{"@type":"WebPage","@id":"https:\/\/jardineriaoscarh.com\/ca\/contacte\/","url":"https:\/\/jardineriaoscarh.com\/ca\/contacte\/","name":"Contacte - \u00d3scar Herrera Jardineria","isPartOf":{"@id":"https:\/\/jardineriaoscarh.com\/ca\/#website"},"datePublished":"2024-06-24T19:14:08+00:00","dateModified":"2024-09-12T08:39:20+00:00","breadcrumb":{"@id":"https:\/\/jardineriaoscarh.com\/ca\/contacte\/#breadcrumb"},"inLanguage":"ca","potentialAction":[{"@type":"ReadAction","target":["https:\/\/jardineriaoscarh.com\/ca\/contacte\/"]}]},{"@type":"BreadcrumbList","@id":"https:\/\/jardineriaoscarh.com\/ca\/contacte\/#breadcrumb","itemListElement":[{"@type":"ListItem","position":1,"name":"Portada","item":"https:\/\/jardineriaoscarh.com\/ca\/"},{"@type":"ListItem","position":2,"name":"Contacte"}]},{"@type":"WebSite","@id":"https:\/\/jardineriaoscarh.com\/ca\/#website","url":"https:\/\/jardineriaoscarh.com\/ca\/","name":"\u00d3scar Herrera Jardineria","description":"Dise\u00f1amos el jard\u00edn de tus sue\u00f1os","publisher":{"@id":"https:\/\/jardineriaoscarh.com\/ca\/#organization"},"potentialAction":[{"@type":"SearchAction","target":{"@type":"EntryPoint","urlTemplate":"https:\/\/jardineriaoscarh.com\/ca\/?s={search_term_string}"},"query-input":{"@type":"PropertyValueSpecification","valueRequired":true,"valueName":"search_term_string"}}],"inLanguage":"ca"},{"@type":"Organization","@id":"https:\/\/jardineriaoscarh.com\/ca\/#organization","name":"\u00d3scar Herrera Jardineria","url":"https:\/\/jardineriaoscarh.com\/ca\/","logo":{"@type":"ImageObject","inLanguage":"ca","@id":"https:\/\/jardineriaoscarh.com\/ca\/#\/schema\/logo\/image\/","url":"https:\/\/jardineriaoscarh.com\/wp-content\/uploads\/2024\/06\/oh_isologo_horizontal.svg","contentUrl":"https:\/\/jardineriaoscarh.com\/wp-content\/uploads\/2024\/06\/oh_isologo_horizontal.svg","width":265,"height":43,"caption":"\u00d3scar Herrera Jardineria"},"image":{"@id":"https:\/\/jardineriaoscarh.com\/ca\/#\/schema\/logo\/image\/"},"sameAs":["https:\/\/www.facebook.com\/ohjardineria\/?locale=es_ES","https:\/\/www.instagram.com\/oscarherrera_jardines\/","https:\/\/www.youtube.com\/channel\/UChQbmi2AzatSBWjc6LyAPHw"]}]}},"_links":{"self":[{"href":"https:\/\/jardineriaoscarh.com\/ca\/wp-json\/wp\/v2\/pages\/910","targetHints":{"allow":["GET"]}}],"collection":[{"href":"https:\/\/jardineriaoscarh.com\/ca\/wp-json\/wp\/v2\/pages"}],"about":[{"href":"https:\/\/jardineriaoscarh.com\/ca\/wp-json\/wp\/v2\/types\/page"}],"author":[{"embeddable":true,"href":"https:\/\/jardineriaoscarh.com\/ca\/wp-json\/wp\/v2\/users\/1"}],"replies":[{"embeddable":true,"href":"https:\/\/jardineriaoscarh.com\/ca\/wp-json\/wp\/v2\/comments?post=910"}],"version-history":[{"count":0,"href":"https:\/\/jardineriaoscarh.com\/ca\/wp-json\/wp\/v2\/pages\/910\/revisions"}],"wp:attachment":[{"href":"https:\/\/jardineriaoscarh.com\/ca\/wp-json\/wp\/v2\/media?parent=910"}],"curies":[{"name":"wp","href":"https:\/\/api.w.org\/{rel}","templated":true}]}}