{"id":2360,"date":"2026-01-20T12:41:58","date_gmt":"2026-01-20T11:41:58","guid":{"rendered":"https:\/\/jardineriaoscarh.com\/?page_id=2360"},"modified":"2026-01-20T13:14:35","modified_gmt":"2026-01-20T12:14:35","slug":"desbrossaments-3","status":"publish","type":"page","link":"https:\/\/jardineriaoscarh.com\/ca\/desbrossaments-3\/","title":{"rendered":"Decorador de jardins"},"content":{"rendered":"\t\t<div data-elementor-type=\"wp-page\" data-elementor-id=\"2360\" class=\"elementor elementor-2360 elementor-2359\" data-elementor-post-type=\"page\">\n\t\t\t\t<div class=\"elementor-element elementor-element-e612860 e-flex e-con-boxed e-con e-parent\" data-id=\"e612860\" data-element_type=\"container\" data-e-type=\"container\" data-settings=\"{&quot;background_background&quot;:&quot;classic&quot;}\">\n\t\t\t\t\t<div class=\"e-con-inner\">\n\t\t\t\t<div class=\"elementor-element elementor-element-ee9e98e elementor-widget elementor-widget-heading\" data-id=\"ee9e98e\" data-element_type=\"widget\" data-e-type=\"widget\" data-widget_type=\"heading.default\">\n\t\t\t\t<div class=\"elementor-widget-container\">\n\t\t\t\t\t<h1 class=\"elementor-heading-title elementor-size-default\">Nosaltres<\/h1>\t\t\t\t<\/div>\n\t\t\t\t<\/div>\n\t\t\t\t<div class=\"elementor-element elementor-element-64ebf2e elementor-widget__width-initial elementor-widget elementor-widget-text-editor\" data-id=\"64ebf2e\" data-element_type=\"widget\" data-e-type=\"widget\" data-widget_type=\"text-editor.default\">\n\t\t\t\t<div class=\"elementor-widget-container\">\n\t\t\t\t\t\t\t\t\t<p>Som \u00d3scar Herrera Jardines y Paisajismo i tenim la feina m\u00e9s maca del m\u00f3n: convertir somnis en realitat. Un meravell\u00f3s equip de jardiners amb un \u00fanic objectiu, construir el jard\u00ed que sempre has volgut.<\/p>\t\t\t\t\t\t\t\t<\/div>\n\t\t\t\t<\/div>\n\t\t\t\t\t<\/div>\n\t\t\t\t<\/div>\n\t\t<div class=\"elementor-element elementor-element-ef4cb22 e-flex e-con-boxed e-con e-parent\" data-id=\"ef4cb22\" data-element_type=\"container\" data-e-type=\"container\">\n\t\t\t\t\t<div class=\"e-con-inner\">\n\t\t<div class=\"elementor-element elementor-element-65b26a9 e-con-full e-flex e-con e-child\" data-id=\"65b26a9\" data-element_type=\"container\" data-e-type=\"container\">\n\t\t\t\t<div class=\"elementor-element elementor-element-9a801aa elementor-widget elementor-widget-image\" data-id=\"9a801aa\" data-element_type=\"widget\" data-e-type=\"widget\" data-widget_type=\"image.default\">\n\t\t\t\t<div class=\"elementor-widget-container\">\n\t\t\t\t\t\t\t\t\t\t\t\t\t\t\t<img fetchpriority=\"high\" decoding=\"async\" width=\"600\" height=\"724\" src=\"https:\/\/jardineriaoscarh.com\/wp-content\/uploads\/2024\/06\/ohj_nosotros_oscar_dk.jpg\" class=\"attachment-large size-large wp-image-723\" alt=\"\" srcset=\"https:\/\/jardineriaoscarh.com\/wp-content\/uploads\/2024\/06\/ohj_nosotros_oscar_dk.jpg 600w, https:\/\/jardineriaoscarh.com\/wp-content\/uploads\/2024\/06\/ohj_nosotros_oscar_dk-249x300.jpg 249w\" sizes=\"(max-width: 600px) 100vw, 600px\" \/>\t\t\t\t\t\t\t\t\t\t\t\t\t\t\t<\/div>\n\t\t\t\t<\/div>\n\t\t<div class=\"elementor-element elementor-element-1eb155e e-con-full e-flex e-con e-child\" data-id=\"1eb155e\" data-element_type=\"container\" data-e-type=\"container\">\n\t\t<div class=\"elementor-element elementor-element-3cf0277 e-con-full e-flex e-con e-child\" data-id=\"3cf0277\" data-element_type=\"container\" data-e-type=\"container\">\n\t\t\t\t<div class=\"elementor-element elementor-element-2b553c4 elementor-widget elementor-widget-heading\" data-id=\"2b553c4\" data-element_type=\"widget\" data-e-type=\"widget\" data-widget_type=\"heading.default\">\n\t\t\t\t<div class=\"elementor-widget-container\">\n\t\t\t\t\t<p class=\"elementor-heading-title elementor-size-default\">QUI \u00c9S<\/p>\t\t\t\t<\/div>\n\t\t\t\t<\/div>\n\t\t\t\t<div class=\"elementor-element elementor-element-b8b2455 elementor-widget elementor-widget-heading\" data-id=\"b8b2455\" data-element_type=\"widget\" data-e-type=\"widget\" data-widget_type=\"heading.default\">\n\t\t\t\t<div class=\"elementor-widget-container\">\n\t\t\t\t\t<h2 class=\"elementor-heading-title elementor-size-default\">\u00d3SCAR HERRERA<\/h2>\t\t\t\t<\/div>\n\t\t\t\t<\/div>\n\t\t\t\t<\/div>\n\t\t\t\t<div class=\"elementor-element elementor-element-b613be4 elementor-widget elementor-widget-text-editor\" data-id=\"b613be4\" data-element_type=\"widget\" data-e-type=\"widget\" data-widget_type=\"text-editor.default\">\n\t\t\t\t<div class=\"elementor-widget-container\">\n\t\t\t\t\t\t\t\t\t<p>Un jardiner enamorat de la seva professi\u00f3. Aquest \u00e9s \u00d3scar Herrera, no hi ha altra manera de descriure&#8217;l. M\u00e9s de tres d\u00e8cades d&#8217;ofici l&#8217;avalen. Va aprendre jardineria de la m\u00e0 del seu pare, es va formar amb grans mestres de la jardineria i va crear el seu propi estudi de disseny i construcci\u00f3 de jardins, \u00d3scar Herrera Jardines y Paisajismo.<\/p>\n<p>L&#8217;equip que l&#8217;acompanya \u00e9s una fam\u00edlia ben avinguda, magn\u00edfics professionals de la jardineria entre els quals prevalen l&#8217;orientaci\u00f3 al client, la companyonia i el bon humor. Perqu\u00e8 no es poden convertir somnis en realitat si no \u00e9s amb l&#8217;amalgama perfecta de tots aquests ingredients.<\/p>\n\t\t\t\t\t\t\t\t<\/div>\n\t\t\t\t<\/div>\n\t\t<div class=\"elementor-element elementor-element-5032cab e-con-full e-flex e-con e-child\" data-id=\"5032cab\" data-element_type=\"container\" data-e-type=\"container\">\n\t\t<div class=\"elementor-element elementor-element-988cae3 e-con-full stats e-flex e-con e-child\" data-id=\"988cae3\" data-element_type=\"container\" data-e-type=\"container\">\n\t\t\t\t<div class=\"elementor-element elementor-element-4624a01 elementor-widget elementor-widget-heading\" data-id=\"4624a01\" data-element_type=\"widget\" data-e-type=\"widget\" data-widget_type=\"heading.default\">\n\t\t\t\t<div class=\"elementor-widget-container\">\n\t\t\t\t\t<span class=\"elementor-heading-title elementor-size-default\"><em>+<\/em>30<\/span>\t\t\t\t<\/div>\n\t\t\t\t<\/div>\n\t\t\t\t<div class=\"elementor-element elementor-element-2de221e elementor-widget elementor-widget-heading\" data-id=\"2de221e\" data-element_type=\"widget\" data-e-type=\"widget\" data-widget_type=\"heading.default\">\n\t\t\t\t<div class=\"elementor-widget-container\">\n\t\t\t\t\t<p class=\"elementor-heading-title elementor-size-default\">ANYS <\/br><span>D'EXPERI\u00c8NCIA<\/span><\/p>\t\t\t\t<\/div>\n\t\t\t\t<\/div>\n\t\t\t\t<\/div>\n\t\t<div class=\"elementor-element elementor-element-625f843 e-con-full stats e-flex e-con e-child\" data-id=\"625f843\" data-element_type=\"container\" data-e-type=\"container\">\n\t\t\t\t<div class=\"elementor-element elementor-element-862bfb6 elementor-widget elementor-widget-heading\" data-id=\"862bfb6\" data-element_type=\"widget\" data-e-type=\"widget\" data-widget_type=\"heading.default\">\n\t\t\t\t<div class=\"elementor-widget-container\">\n\t\t\t\t\t<span class=\"elementor-heading-title elementor-size-default\"><em>+<\/em>500<\/span>\t\t\t\t<\/div>\n\t\t\t\t<\/div>\n\t\t\t\t<div class=\"elementor-element elementor-element-de06dc7 elementor-widget elementor-widget-heading\" data-id=\"de06dc7\" data-element_type=\"widget\" data-e-type=\"widget\" data-widget_type=\"heading.default\">\n\t\t\t\t<div class=\"elementor-widget-container\">\n\t\t\t\t\t<p class=\"elementor-heading-title elementor-size-default\">CLIENTS <\/br><span>SATISFETS<\/span><\/p>\t\t\t\t<\/div>\n\t\t\t\t<\/div>\n\t\t\t\t<\/div>\n\t\t\t\t<\/div>\n\t\t\t\t<\/div>\n\t\t\t\t<\/div>\n\t\t\t\t<div class=\"elementor-element elementor-element-8a7ea25 elementor-widget__width-initial elementor-widget elementor-widget-image\" data-id=\"8a7ea25\" data-element_type=\"widget\" data-e-type=\"widget\" data-widget_type=\"image.default\">\n\t\t\t\t<div class=\"elementor-widget-container\">\n\t\t\t\t\t\t\t\t\t\t\t\t\t\t\t<img decoding=\"async\" width=\"800\" height=\"416\" src=\"https:\/\/jardineriaoscarh.com\/wp-content\/uploads\/2024\/06\/ohj_nosotros_equipo_dk-1024x533.jpg\" class=\"attachment-large size-large wp-image-725\" alt=\"\" srcset=\"https:\/\/jardineriaoscarh.com\/wp-content\/uploads\/2024\/06\/ohj_nosotros_equipo_dk-1024x533.jpg 1024w, https:\/\/jardineriaoscarh.com\/wp-content\/uploads\/2024\/06\/ohj_nosotros_equipo_dk-300x156.jpg 300w, https:\/\/jardineriaoscarh.com\/wp-content\/uploads\/2024\/06\/ohj_nosotros_equipo_dk-768x399.jpg 768w, https:\/\/jardineriaoscarh.com\/wp-content\/uploads\/2024\/06\/ohj_nosotros_equipo_dk.jpg 1140w\" sizes=\"(max-width: 800px) 100vw, 800px\" \/>\t\t\t\t\t\t\t\t\t\t\t\t\t\t\t<\/div>\n\t\t\t\t<\/div>\n\t\t\t\t\t<\/div>\n\t\t\t\t<\/div>\n\t\t<div class=\"elementor-element elementor-element-cd0f452 e-flex e-con-boxed e-con e-parent\" data-id=\"cd0f452\" data-element_type=\"container\" data-e-type=\"container\" data-settings=\"{&quot;background_background&quot;:&quot;classic&quot;}\">\n\t\t\t\t\t<div class=\"e-con-inner\">\n\t\t<div class=\"elementor-element elementor-element-83b6ec0 e-con-full e-flex e-con e-child\" data-id=\"83b6ec0\" data-element_type=\"container\" data-e-type=\"container\">\n\t\t<div class=\"elementor-element elementor-element-9670787 e-con-full e-flex e-con e-child\" data-id=\"9670787\" data-element_type=\"container\" data-e-type=\"container\">\n\t\t\t\t<div class=\"elementor-element elementor-element-73ea06c elementor-widget elementor-widget-heading\" data-id=\"73ea06c\" data-element_type=\"widget\" data-e-type=\"widget\" data-widget_type=\"heading.default\">\n\t\t\t\t<div class=\"elementor-widget-container\">\n\t\t\t\t\t<p class=\"elementor-heading-title elementor-size-default\">NECESSITES UN BON JARDINER?<\/p>\t\t\t\t<\/div>\n\t\t\t\t<\/div>\n\t\t\t\t<div class=\"elementor-element elementor-element-f2388c2 elementor-widget elementor-widget-heading\" data-id=\"f2388c2\" data-element_type=\"widget\" data-e-type=\"widget\" data-widget_type=\"heading.default\">\n\t\t\t\t<div class=\"elementor-widget-container\">\n\t\t\t\t\t<h2 class=\"elementor-heading-title elementor-size-default\">TRUCA'NS ARA!<\/h2>\t\t\t\t<\/div>\n\t\t\t\t<\/div>\n\t\t\t\t<\/div>\n\t\t\t\t<div class=\"elementor-element elementor-element-99304e3 elementor-widget elementor-widget-text-editor\" data-id=\"99304e3\" data-element_type=\"widget\" data-e-type=\"widget\" data-widget_type=\"text-editor.default\">\n\t\t\t\t<div class=\"elementor-widget-container\">\n\t\t\t\t\t\t\t\t\t<p>Si est\u00e0s buscant una empresa de jardineria en la qual prevalguin el rigor, la professionalitat, l&#8217;atenci\u00f3 al detall i el gust pel treball ben fet, est\u00e0s de sort! <br>Ja ens has trobat.<\/p>\t\t\t\t\t\t\t\t<\/div>\n\t\t\t\t<\/div>\n\t\t\t\t<\/div>\n\t\t\t\t<div class=\"elementor-element elementor-element-6f910a6 elementor-align-center elementor-widget elementor-widget-button\" data-id=\"6f910a6\" data-element_type=\"widget\" data-e-type=\"widget\" data-widget_type=\"button.default\">\n\t\t\t\t<div class=\"elementor-widget-container\">\n\t\t\t\t\t\t\t\t\t<div class=\"elementor-button-wrapper\">\n\t\t\t\t\t<a class=\"elementor-button elementor-button-link elementor-size-sm\" href=\"https:\/\/jardineriaoscarh.com\/ca\/contacte\/\">\n\t\t\t\t\t\t<span class=\"elementor-button-content-wrapper\">\n\t\t\t\t\t\t\t\t\t<span class=\"elementor-button-text\">Contactar amb \u00d3scar Herrera<\/span>\n\t\t\t\t\t<\/span>\n\t\t\t\t\t<\/a>\n\t\t\t\t<\/div>\n\t\t\t\t\t\t\t\t<\/div>\n\t\t\t\t<\/div>\n\t\t\t\t\t<\/div>\n\t\t\t\t<\/div>\n\t\t\t\t<\/div>\n\t\t","protected":false},"excerpt":{"rendered":"<p>Nosaltres Som \u00d3scar Herrera Jardines y Paisajismo i tenim la feina m\u00e9s maca del m\u00f3n: convertir somnis en realitat. Un meravell\u00f3s equip de jardiners amb un \u00fanic objectiu, construir el jard\u00ed que sempre has volgut. QUI \u00c9S \u00d3SCAR HERRERA Un jardiner enamorat de la seva professi\u00f3. Aquest \u00e9s \u00d3scar Herrera, no hi ha altra manera [&hellip;]<\/p>\n","protected":false},"author":1,"featured_media":0,"parent":0,"menu_order":1,"comment_status":"closed","ping_status":"closed","template":"elementor_header_footer","meta":{"_acf_changed":false,"footnotes":""},"class_list":["post-2360","page","type-page","status-publish","hentry"],"acf":[],"yoast_head":"<!-- This site is optimized with the Yoast SEO plugin v27.2 - https:\/\/yoast.com\/product\/yoast-seo-wordpress\/ -->\n<title>Decorador de jardins amb 30 anys d&#039;experi\u00e8ncia | \u00d3scar Herrera<\/title>\n<meta name=\"description\" content=\"Decorador de jardins especialitzat amb m\u00e9s de 30 anys d&#039;experi\u00e8ncia, t&#039;ajudo a dissenyar el jard\u00ed dels teus somnis amb una guia clara\" \/>\n<meta name=\"robots\" content=\"index, follow, max-snippet:-1, max-image-preview:large, max-video-preview:-1\" \/>\n<link rel=\"canonical\" href=\"https:\/\/jardineriaoscarh.com\/ca\/desbrossaments-3\/\" \/>\n<meta property=\"og:locale\" content=\"ca_ES\" \/>\n<meta property=\"og:type\" content=\"article\" \/>\n<meta property=\"og:title\" content=\"Decorador de jardins amb 30 anys d&#039;experi\u00e8ncia | \u00d3scar Herrera\" \/>\n<meta property=\"og:description\" content=\"Decorador de jardins especialitzat amb m\u00e9s de 30 anys d&#039;experi\u00e8ncia, t&#039;ajudo a dissenyar el jard\u00ed dels teus somnis amb una guia clara\" \/>\n<meta property=\"og:url\" content=\"https:\/\/jardineriaoscarh.com\/ca\/desbrossaments-3\/\" \/>\n<meta property=\"og:site_name\" content=\"\u00d3scar Herrera Jardineria\" \/>\n<meta property=\"article:publisher\" content=\"https:\/\/www.facebook.com\/ohjardineria\/?locale=es_ES\" \/>\n<meta property=\"article:modified_time\" content=\"2026-01-20T12:14:35+00:00\" \/>\n<meta property=\"og:image\" content=\"https:\/\/jardineriaoscarh.com\/wp-content\/uploads\/2024\/06\/ohj_nosotros_oscar_dk.jpg\" \/>\n\t<meta property=\"og:image:width\" content=\"600\" \/>\n\t<meta property=\"og:image:height\" content=\"724\" \/>\n\t<meta property=\"og:image:type\" content=\"image\/jpeg\" \/>\n<meta name=\"twitter:card\" content=\"summary_large_image\" \/>\n<meta name=\"twitter:label1\" content=\"Temps estimat de lectura\" \/>\n\t<meta name=\"twitter:data1\" content=\"2 minuts\" \/>\n<script type=\"application\/ld+json\" class=\"yoast-schema-graph\">{\"@context\":\"https:\/\/schema.org\",\"@graph\":[{\"@type\":\"WebPage\",\"@id\":\"https:\/\/jardineriaoscarh.com\/ca\/desbrossaments-3\/\",\"url\":\"https:\/\/jardineriaoscarh.com\/ca\/desbrossaments-3\/\",\"name\":\"Decorador de jardins amb 30 anys d'experi\u00e8ncia | \u00d3scar Herrera\",\"isPartOf\":{\"@id\":\"https:\/\/jardineriaoscarh.com\/ca\/#website\"},\"primaryImageOfPage\":{\"@id\":\"https:\/\/jardineriaoscarh.com\/ca\/desbrossaments-3\/#primaryimage\"},\"image\":{\"@id\":\"https:\/\/jardineriaoscarh.com\/ca\/desbrossaments-3\/#primaryimage\"},\"thumbnailUrl\":\"https:\/\/jardineriaoscarh.com\/wp-content\/uploads\/2024\/06\/ohj_nosotros_oscar_dk.jpg\",\"datePublished\":\"2026-01-20T11:41:58+00:00\",\"dateModified\":\"2026-01-20T12:14:35+00:00\",\"description\":\"Decorador de jardins especialitzat amb m\u00e9s de 30 anys d'experi\u00e8ncia, t'ajudo a dissenyar el jard\u00ed dels teus somnis amb una guia clara\",\"breadcrumb\":{\"@id\":\"https:\/\/jardineriaoscarh.com\/ca\/desbrossaments-3\/#breadcrumb\"},\"inLanguage\":\"ca\",\"potentialAction\":[{\"@type\":\"ReadAction\",\"target\":[\"https:\/\/jardineriaoscarh.com\/ca\/desbrossaments-3\/\"]}]},{\"@type\":\"ImageObject\",\"inLanguage\":\"ca\",\"@id\":\"https:\/\/jardineriaoscarh.com\/ca\/desbrossaments-3\/#primaryimage\",\"url\":\"https:\/\/jardineriaoscarh.com\/wp-content\/uploads\/2024\/06\/ohj_nosotros_oscar_dk.jpg\",\"contentUrl\":\"https:\/\/jardineriaoscarh.com\/wp-content\/uploads\/2024\/06\/ohj_nosotros_oscar_dk.jpg\"},{\"@type\":\"BreadcrumbList\",\"@id\":\"https:\/\/jardineriaoscarh.com\/ca\/desbrossaments-3\/#breadcrumb\",\"itemListElement\":[{\"@type\":\"ListItem\",\"position\":1,\"name\":\"Portada\",\"item\":\"https:\/\/jardineriaoscarh.com\/ca\/\"},{\"@type\":\"ListItem\",\"position\":2,\"name\":\"Decorador de jardins\"}]},{\"@type\":\"WebSite\",\"@id\":\"https:\/\/jardineriaoscarh.com\/ca\/#website\",\"url\":\"https:\/\/jardineriaoscarh.com\/ca\/\",\"name\":\"\u00d3scar Herrera Jardineria\",\"description\":\"Dise\u00f1amos el jard\u00edn de tus sue\u00f1os\",\"publisher\":{\"@id\":\"https:\/\/jardineriaoscarh.com\/ca\/#organization\"},\"potentialAction\":[{\"@type\":\"SearchAction\",\"target\":{\"@type\":\"EntryPoint\",\"urlTemplate\":\"https:\/\/jardineriaoscarh.com\/ca\/?s={search_term_string}\"},\"query-input\":{\"@type\":\"PropertyValueSpecification\",\"valueRequired\":true,\"valueName\":\"search_term_string\"}}],\"inLanguage\":\"ca\"},{\"@type\":\"Organization\",\"@id\":\"https:\/\/jardineriaoscarh.com\/ca\/#organization\",\"name\":\"\u00d3scar Herrera Jardineria\",\"url\":\"https:\/\/jardineriaoscarh.com\/ca\/\",\"logo\":{\"@type\":\"ImageObject\",\"inLanguage\":\"ca\",\"@id\":\"https:\/\/jardineriaoscarh.com\/ca\/#\/schema\/logo\/image\/\",\"url\":\"https:\/\/jardineriaoscarh.com\/wp-content\/uploads\/2024\/06\/oh_isologo_horizontal.svg\",\"contentUrl\":\"https:\/\/jardineriaoscarh.com\/wp-content\/uploads\/2024\/06\/oh_isologo_horizontal.svg\",\"width\":265,\"height\":43,\"caption\":\"\u00d3scar Herrera Jardineria\"},\"image\":{\"@id\":\"https:\/\/jardineriaoscarh.com\/ca\/#\/schema\/logo\/image\/\"},\"sameAs\":[\"https:\/\/www.facebook.com\/ohjardineria\/?locale=es_ES\",\"https:\/\/www.instagram.com\/oscarherrera_jardines\/\",\"https:\/\/www.youtube.com\/channel\/UChQbmi2AzatSBWjc6LyAPHw\"]}]}<\/script>\n<!-- \/ Yoast SEO plugin. -->","yoast_head_json":{"title":"Decorador de jardins amb 30 anys d'experi\u00e8ncia | \u00d3scar Herrera","description":"Decorador de jardins especialitzat amb m\u00e9s de 30 anys d'experi\u00e8ncia, t'ajudo a dissenyar el jard\u00ed dels teus somnis amb una guia clara","robots":{"index":"index","follow":"follow","max-snippet":"max-snippet:-1","max-image-preview":"max-image-preview:large","max-video-preview":"max-video-preview:-1"},"canonical":"https:\/\/jardineriaoscarh.com\/ca\/desbrossaments-3\/","og_locale":"ca_ES","og_type":"article","og_title":"Decorador de jardins amb 30 anys d'experi\u00e8ncia | \u00d3scar Herrera","og_description":"Decorador de jardins especialitzat amb m\u00e9s de 30 anys d'experi\u00e8ncia, t'ajudo a dissenyar el jard\u00ed dels teus somnis amb una guia clara","og_url":"https:\/\/jardineriaoscarh.com\/ca\/desbrossaments-3\/","og_site_name":"\u00d3scar Herrera Jardineria","article_publisher":"https:\/\/www.facebook.com\/ohjardineria\/?locale=es_ES","article_modified_time":"2026-01-20T12:14:35+00:00","og_image":[{"width":600,"height":724,"url":"https:\/\/jardineriaoscarh.com\/wp-content\/uploads\/2024\/06\/ohj_nosotros_oscar_dk.jpg","type":"image\/jpeg"}],"twitter_card":"summary_large_image","twitter_misc":{"Temps estimat de lectura":"2 minuts"},"schema":{"@context":"https:\/\/schema.org","@graph":[{"@type":"WebPage","@id":"https:\/\/jardineriaoscarh.com\/ca\/desbrossaments-3\/","url":"https:\/\/jardineriaoscarh.com\/ca\/desbrossaments-3\/","name":"Decorador de jardins amb 30 anys d'experi\u00e8ncia | \u00d3scar Herrera","isPartOf":{"@id":"https:\/\/jardineriaoscarh.com\/ca\/#website"},"primaryImageOfPage":{"@id":"https:\/\/jardineriaoscarh.com\/ca\/desbrossaments-3\/#primaryimage"},"image":{"@id":"https:\/\/jardineriaoscarh.com\/ca\/desbrossaments-3\/#primaryimage"},"thumbnailUrl":"https:\/\/jardineriaoscarh.com\/wp-content\/uploads\/2024\/06\/ohj_nosotros_oscar_dk.jpg","datePublished":"2026-01-20T11:41:58+00:00","dateModified":"2026-01-20T12:14:35+00:00","description":"Decorador de jardins especialitzat amb m\u00e9s de 30 anys d'experi\u00e8ncia, t'ajudo a dissenyar el jard\u00ed dels teus somnis amb una guia clara","breadcrumb":{"@id":"https:\/\/jardineriaoscarh.com\/ca\/desbrossaments-3\/#breadcrumb"},"inLanguage":"ca","potentialAction":[{"@type":"ReadAction","target":["https:\/\/jardineriaoscarh.com\/ca\/desbrossaments-3\/"]}]},{"@type":"ImageObject","inLanguage":"ca","@id":"https:\/\/jardineriaoscarh.com\/ca\/desbrossaments-3\/#primaryimage","url":"https:\/\/jardineriaoscarh.com\/wp-content\/uploads\/2024\/06\/ohj_nosotros_oscar_dk.jpg","contentUrl":"https:\/\/jardineriaoscarh.com\/wp-content\/uploads\/2024\/06\/ohj_nosotros_oscar_dk.jpg"},{"@type":"BreadcrumbList","@id":"https:\/\/jardineriaoscarh.com\/ca\/desbrossaments-3\/#breadcrumb","itemListElement":[{"@type":"ListItem","position":1,"name":"Portada","item":"https:\/\/jardineriaoscarh.com\/ca\/"},{"@type":"ListItem","position":2,"name":"Decorador de jardins"}]},{"@type":"WebSite","@id":"https:\/\/jardineriaoscarh.com\/ca\/#website","url":"https:\/\/jardineriaoscarh.com\/ca\/","name":"\u00d3scar Herrera Jardineria","description":"Dise\u00f1amos el jard\u00edn de tus sue\u00f1os","publisher":{"@id":"https:\/\/jardineriaoscarh.com\/ca\/#organization"},"potentialAction":[{"@type":"SearchAction","target":{"@type":"EntryPoint","urlTemplate":"https:\/\/jardineriaoscarh.com\/ca\/?s={search_term_string}"},"query-input":{"@type":"PropertyValueSpecification","valueRequired":true,"valueName":"search_term_string"}}],"inLanguage":"ca"},{"@type":"Organization","@id":"https:\/\/jardineriaoscarh.com\/ca\/#organization","name":"\u00d3scar Herrera Jardineria","url":"https:\/\/jardineriaoscarh.com\/ca\/","logo":{"@type":"ImageObject","inLanguage":"ca","@id":"https:\/\/jardineriaoscarh.com\/ca\/#\/schema\/logo\/image\/","url":"https:\/\/jardineriaoscarh.com\/wp-content\/uploads\/2024\/06\/oh_isologo_horizontal.svg","contentUrl":"https:\/\/jardineriaoscarh.com\/wp-content\/uploads\/2024\/06\/oh_isologo_horizontal.svg","width":265,"height":43,"caption":"\u00d3scar Herrera Jardineria"},"image":{"@id":"https:\/\/jardineriaoscarh.com\/ca\/#\/schema\/logo\/image\/"},"sameAs":["https:\/\/www.facebook.com\/ohjardineria\/?locale=es_ES","https:\/\/www.instagram.com\/oscarherrera_jardines\/","https:\/\/www.youtube.com\/channel\/UChQbmi2AzatSBWjc6LyAPHw"]}]}},"_links":{"self":[{"href":"https:\/\/jardineriaoscarh.com\/ca\/wp-json\/wp\/v2\/pages\/2360","targetHints":{"allow":["GET"]}}],"collection":[{"href":"https:\/\/jardineriaoscarh.com\/ca\/wp-json\/wp\/v2\/pages"}],"about":[{"href":"https:\/\/jardineriaoscarh.com\/ca\/wp-json\/wp\/v2\/types\/page"}],"author":[{"embeddable":true,"href":"https:\/\/jardineriaoscarh.com\/ca\/wp-json\/wp\/v2\/users\/1"}],"replies":[{"embeddable":true,"href":"https:\/\/jardineriaoscarh.com\/ca\/wp-json\/wp\/v2\/comments?post=2360"}],"version-history":[{"count":2,"href":"https:\/\/jardineriaoscarh.com\/ca\/wp-json\/wp\/v2\/pages\/2360\/revisions"}],"predecessor-version":[{"id":2378,"href":"https:\/\/jardineriaoscarh.com\/ca\/wp-json\/wp\/v2\/pages\/2360\/revisions\/2378"}],"wp:attachment":[{"href":"https:\/\/jardineriaoscarh.com\/ca\/wp-json\/wp\/v2\/media?parent=2360"}],"curies":[{"name":"wp","href":"https:\/\/api.w.org\/{rel}","templated":true}]}}